{"id":7213,"date":"2015-06-10T13:31:36","date_gmt":"2015-06-10T12:31:36","guid":{"rendered":"https:\/\/www.disini-hotel.com\/bienvenido-a-disini\/"},"modified":"2022-07-22T15:47:19","modified_gmt":"2022-07-22T14:47:19","slug":"bienvenido-a-disini","status":"publish","type":"page","link":"https:\/\/www.disini-hotel.com\/es\/bienvenido-a-disini\/","title":{"rendered":"Bienvenido a Disini"},"content":{"rendered":"\t\t<div data-elementor-type=\"wp-page\" data-elementor-id=\"7213\" class=\"elementor elementor-7213\" data-elementor-post-type=\"page\">\n\t\t\t\t\t\t<section class=\"elementor-section elementor-top-section elementor-element elementor-element-438aa11 elementor-section-height-min-height elementor-section-boxed elementor-section-height-default elementor-section-items-middle\" data-id=\"438aa11\" data-element_type=\"section\" data-settings=\"{&quot;background_background&quot;:&quot;classic&quot;,&quot;shape_divider_bottom&quot;:&quot;wave-brush&quot;}\">\n\t\t\t\t\t<div class=\"elementor-shape elementor-shape-bottom\" data-negative=\"false\">\n\t\t\t<svg xmlns=\"http:\/\/www.w3.org\/2000\/svg\" viewBox=\"0 0 283.5 27.8\" preserveAspectRatio=\"none\">\n\t<path class=\"elementor-shape-fill\" d=\"M283.5,9.7c0,0-7.3,4.3-14,4.6c-6.8,0.3-12.6,0-20.9-1.5c-11.3-2-33.1-10.1-44.7-5.7\ts-12.1,4.6-18,7.4c-6.6,3.2-20,9.6-36.6,9.3C131.6,23.5,99.5,7.2,86.3,8c-1.4,0.1-6.6,0.8-10.5,2c-3.8,1.2-9.4,3.8-17,4.7\tc-3.2,0.4-8.3,1.1-14.2,0.9c-1.5-0.1-6.3-0.4-12-1.6c-5.7-1.2-11-3.1-15.8-3.7C6.5,9.2,0,10.8,0,10.8V0h283.5V9.7z M260.8,11.3\tc-0.7-1-2-0.4-4.3-0.4c-2.3,0-6.1-1.2-5.8-1.1c0.3,0.1,3.1,1.5,6,1.9C259.7,12.2,261.4,12.3,260.8,11.3z M242.4,8.6\tc0,0-2.4-0.2-5.6-0.9c-3.2-0.8-10.3-2.8-15.1-3.5c-8.2-1.1-15.8,0-15.1,0.1c0.8,0.1,9.6-0.6,17.6,1.1c3.3,0.7,9.3,2.2,12.4,2.7\tC239.9,8.7,242.4,8.6,242.4,8.6z M185.2,8.5c1.7-0.7-13.3,4.7-18.5,6.1c-2.1,0.6-6.2,1.6-10,2c-3.9,0.4-8.9,0.4-8.8,0.5\tc0,0.2,5.8,0.8,11.2,0c5.4-0.8,5.2-1.1,7.6-1.6C170.5,14.7,183.5,9.2,185.2,8.5z M199.1,6.9c0.2,0-0.8-0.4-4.8,1.1\tc-4,1.5-6.7,3.5-6.9,3.7c-0.2,0.1,3.5-1.8,6.6-3C197,7.5,199,6.9,199.1,6.9z M283,6c-0.1,0.1-1.9,1.1-4.8,2.5s-6.9,2.8-6.7,2.7\tc0.2,0,3.5-0.6,7.4-2.5C282.8,6.8,283.1,5.9,283,6z M31.3,11.6c0.1-0.2-1.9-0.2-4.5-1.2s-5.4-1.6-7.8-2C15,7.6,7.3,8.5,7.7,8.6\tC8,8.7,15.9,8.3,20.2,9.3c2.2,0.5,2.4,0.5,5.7,1.6S31.2,11.9,31.3,11.6z M73,9.2c0.4-0.1,3.5-1.6,8.4-2.6c4.9-1.1,8.9-0.5,8.9-0.8\tc0-0.3-1-0.9-6.2-0.3S72.6,9.3,73,9.2z M71.6,6.7C71.8,6.8,75,5.4,77.3,5c2.3-0.3,1.9-0.5,1.9-0.6c0-0.1-1.1-0.2-2.7,0.2\tC74.8,5.1,71.4,6.6,71.6,6.7z M93.6,4.4c0.1,0.2,3.5,0.8,5.6,1.8c2.1,1,1.8,0.6,1.9,0.5c0.1-0.1-0.8-0.8-2.4-1.3\tC97.1,4.8,93.5,4.2,93.6,4.4z M65.4,11.1c-0.1,0.3,0.3,0.5,1.9-0.2s2.6-1.3,2.2-1.2s-0.9,0.4-2.5,0.8C65.3,10.9,65.5,10.8,65.4,11.1\tz M34.5,12.4c-0.2,0,2.1,0.8,3.3,0.9c1.2,0.1,2,0.1,2-0.2c0-0.3-0.1-0.5-1.6-0.4C36.6,12.8,34.7,12.4,34.5,12.4z M152.2,21.1\tc-0.1,0.1-2.4-0.3-7.5-0.3c-5,0-13.6-2.4-17.2-3.5c-3.6-1.1,10,3.9,16.5,4.1C150.5,21.6,152.3,21,152.2,21.1z\"\/>\n\t<path class=\"elementor-shape-fill\" d=\"M269.6,18c-0.1-0.1-4.6,0.3-7.2,0c-7.3-0.7-17-3.2-16.6-2.9c0.4,0.3,13.7,3.1,17,3.3\tC267.7,18.8,269.7,18,269.6,18z\"\/>\n\t<path class=\"elementor-shape-fill\" d=\"M227.4,9.8c-0.2-0.1-4.5-1-9.5-1.2c-5-0.2-12.7,0.6-12.3,0.5c0.3-0.1,5.9-1.8,13.3-1.2\tS227.6,9.9,227.4,9.8z\"\/>\n\t<path class=\"elementor-shape-fill\" d=\"M204.5,13.4c-0.1-0.1,2-1,3.2-1.1c1.2-0.1,2,0,2,0.3c0,0.3-0.1,0.5-1.6,0.4\tC206.4,12.9,204.6,13.5,204.5,13.4z\"\/>\n\t<path class=\"elementor-shape-fill\" d=\"M201,10.6c0-0.1-4.4,1.2-6.3,2.2c-1.9,0.9-6.2,3.1-6.1,3.1c0.1,0.1,4.2-1.6,6.3-2.6\tS201,10.7,201,10.6z\"\/>\n\t<path class=\"elementor-shape-fill\" d=\"M154.5,26.7c-0.1-0.1-4.6,0.3-7.2,0c-7.3-0.7-17-3.2-16.6-2.9c0.4,0.3,13.7,3.1,17,3.3\tC152.6,27.5,154.6,26.8,154.5,26.7z\"\/>\n\t<path class=\"elementor-shape-fill\" d=\"M41.9,19.3c0,0,1.2-0.3,2.9-0.1c1.7,0.2,5.8,0.9,8.2,0.7c4.2-0.4,7.4-2.7,7-2.6\tc-0.4,0-4.3,2.2-8.6,1.9c-1.8-0.1-5.1-0.5-6.7-0.4S41.9,19.3,41.9,19.3z\"\/>\n\t<path class=\"elementor-shape-fill\" d=\"M75.5,12.6c0.2,0.1,2-0.8,4.3-1.1c2.3-0.2,2.1-0.3,2.1-0.5c0-0.1-1.8-0.4-3.4,0\tC76.9,11.5,75.3,12.5,75.5,12.6z\"\/>\n\t<path class=\"elementor-shape-fill\" d=\"M15.6,13.2c0-0.1,4.3,0,6.7,0.5c2.4,0.5,5,1.9,5,2c0,0.1-2.7-0.8-5.1-1.4\tC19.9,13.7,15.7,13.3,15.6,13.2z\"\/>\n<\/svg>\t\t<\/div>\n\t\t\t\t\t<div class=\"elementor-container elementor-column-gap-default\">\n\t\t\t\t\t<div class=\"elementor-column elementor-col-100 elementor-top-column elementor-element elementor-element-3029dda\" data-id=\"3029dda\" data-element_type=\"column\">\n\t\t\t<div class=\"elementor-widget-wrap elementor-element-populated\">\n\t\t\t\t\t\t<div class=\"elementor-element elementor-element-7cdf42e elementor-arrows-position-outside elementor-pagination-position-outside elementor-widget elementor-widget-image-carousel\" data-id=\"7cdf42e\" data-element_type=\"widget\" data-settings=\"{&quot;slides_to_show&quot;:&quot;3&quot;,&quot;slides_to_scroll&quot;:&quot;3&quot;,&quot;image_spacing_custom&quot;:{&quot;unit&quot;:&quot;px&quot;,&quot;size&quot;:50,&quot;sizes&quot;:[]},&quot;navigation&quot;:&quot;both&quot;,&quot;autoplay&quot;:&quot;yes&quot;,&quot;pause_on_hover&quot;:&quot;yes&quot;,&quot;pause_on_interaction&quot;:&quot;yes&quot;,&quot;autoplay_speed&quot;:5000,&quot;infinite&quot;:&quot;yes&quot;,&quot;speed&quot;:500,&quot;image_spacing_custom_tablet&quot;:{&quot;unit&quot;:&quot;px&quot;,&quot;size&quot;:&quot;&quot;,&quot;sizes&quot;:[]},&quot;image_spacing_custom_mobile&quot;:{&quot;unit&quot;:&quot;px&quot;,&quot;size&quot;:&quot;&quot;,&quot;sizes&quot;:[]}}\" data-widget_type=\"image-carousel.default\">\n\t\t\t\t<div class=\"elementor-widget-container\">\n\t\t\t\t\t<div class=\"elementor-image-carousel-wrapper swiper\" dir=\"ltr\">\n\t\t\t<div class=\"elementor-image-carousel swiper-wrapper\" aria-live=\"off\">\n\t\t\t\t\t\t\t\t<div class=\"swiper-slide\" role=\"group\" aria-roledescription=\"slide\" aria-label=\"1 de 8\"><figure class=\"swiper-slide-inner\"><img decoding=\"async\" class=\"swiper-slide-image\" src=\"https:\/\/www.disini-hotel.com\/wp-content\/uploads\/2022\/04\/Hotel-Disini-Hall-dentree-450x450.jpg\" alt=\"Hotel Disini - Hall d&#039;entr\u00e9e\" \/><\/figure><\/div><div class=\"swiper-slide\" role=\"group\" aria-roledescription=\"slide\" aria-label=\"2 de 8\"><figure class=\"swiper-slide-inner\"><img decoding=\"async\" class=\"swiper-slide-image\" src=\"https:\/\/www.disini-hotel.com\/wp-content\/uploads\/2022\/04\/Hotel-Disini-Entree-450x450.jpg\" alt=\"Hotel Disini - Entr\u00e9e\" \/><\/figure><\/div><div class=\"swiper-slide\" role=\"group\" aria-roledescription=\"slide\" aria-label=\"3 de 8\"><figure class=\"swiper-slide-inner\"><img decoding=\"async\" class=\"swiper-slide-image\" src=\"https:\/\/www.disini-hotel.com\/wp-content\/uploads\/2022\/04\/Hotel-Disini-Terrasse-Bien-etre-450x450.jpg\" alt=\"Hotel Disini - Terrasse &amp; Bien \u00eatre\" \/><\/figure><\/div><div class=\"swiper-slide\" role=\"group\" aria-roledescription=\"slide\" aria-label=\"4 de 8\"><figure class=\"swiper-slide-inner\"><img decoding=\"async\" class=\"swiper-slide-image\" src=\"https:\/\/www.disini-hotel.com\/wp-content\/uploads\/2022\/04\/Hotel-Disini-Terrasse-Piscine-450x450.jpg\" alt=\"Hotel Disini - Terrasse &amp; Piscine\" \/><\/figure><\/div><div class=\"swiper-slide\" role=\"group\" aria-roledescription=\"slide\" aria-label=\"5 de 8\"><figure class=\"swiper-slide-inner\"><img decoding=\"async\" class=\"swiper-slide-image\" src=\"https:\/\/www.disini-hotel.com\/wp-content\/uploads\/2022\/04\/Hotel-Disini-Terrasse-Soleil-450x450.jpg\" alt=\"Hotel Disini - Terrasse Soleil\" \/><\/figure><\/div><div class=\"swiper-slide\" role=\"group\" aria-roledescription=\"slide\" aria-label=\"6 de 8\"><figure class=\"swiper-slide-inner\"><img decoding=\"async\" class=\"swiper-slide-image\" src=\"https:\/\/www.disini-hotel.com\/wp-content\/uploads\/2022\/04\/Hotel-Disini-Vue-Piscine-450x450.jpg\" alt=\"Hotel Disini - Vue Piscine\" \/><\/figure><\/div><div class=\"swiper-slide\" role=\"group\" aria-roledescription=\"slide\" aria-label=\"7 de 8\"><figure class=\"swiper-slide-inner\"><img decoding=\"async\" class=\"swiper-slide-image\" src=\"https:\/\/www.disini-hotel.com\/wp-content\/uploads\/2022\/04\/Hotel-Disini-Vue-aerienne-450x450.jpg\" alt=\"Hotel Disini - Vue a\u00e9rienne\" \/><\/figure><\/div><div class=\"swiper-slide\" role=\"group\" aria-roledescription=\"slide\" aria-label=\"8 de 8\"><figure class=\"swiper-slide-inner\"><img decoding=\"async\" class=\"swiper-slide-image\" src=\"https:\/\/www.disini-hotel.com\/wp-content\/uploads\/2021\/05\/Presentation_Hotel_Disini_03-450x450.jpg\" alt=\"Pr\u00e9sentation H\u00f4tel Disini 02\" \/><\/figure><\/div>\t\t\t<\/div>\n\t\t\t\t\t\t\t\t\t\t\t\t<div class=\"elementor-swiper-button elementor-swiper-button-prev\" role=\"button\" tabindex=\"0\">\n\t\t\t\t\t\t<i aria-hidden=\"true\" class=\"eicon-chevron-left\"><\/i>\t\t\t\t\t<\/div>\n\t\t\t\t\t<div class=\"elementor-swiper-button elementor-swiper-button-next\" role=\"button\" tabindex=\"0\">\n\t\t\t\t\t\t<i aria-hidden=\"true\" class=\"eicon-chevron-right\"><\/i>\t\t\t\t\t<\/div>\n\t\t\t\t\n\t\t\t\t\t\t\t\t\t<div class=\"swiper-pagination\"><\/div>\n\t\t\t\t\t\t\t\t\t<\/div>\n\t\t\t\t<\/div>\n\t\t\t\t<\/div>\n\t\t\t\t\t<\/div>\n\t\t<\/div>\n\t\t\t\t\t<\/div>\n\t\t<\/section>\n\t\t\t\t<section class=\"elementor-section elementor-top-section elementor-element elementor-element-b2035e9 elementor-section-boxed elementor-section-height-default elementor-section-height-default\" data-id=\"b2035e9\" data-element_type=\"section\">\n\t\t\t\t\t\t<div class=\"elementor-container elementor-column-gap-default\">\n\t\t\t\t\t<div class=\"elementor-column elementor-col-100 elementor-top-column elementor-element elementor-element-7e89c57\" data-id=\"7e89c57\" data-element_type=\"column\">\n\t\t\t<div class=\"elementor-widget-wrap elementor-element-populated\">\n\t\t\t\t\t\t<div class=\"elementor-element elementor-element-02e8562 elementor-widget elementor-widget-spacer\" data-id=\"02e8562\" data-element_type=\"widget\" data-widget_type=\"spacer.default\">\n\t\t\t\t<div class=\"elementor-widget-container\">\n\t\t\t\t\t<div class=\"elementor-spacer\">\n\t\t\t<div class=\"elementor-spacer-inner\"><\/div>\n\t\t<\/div>\n\t\t\t\t<\/div>\n\t\t\t\t<\/div>\n\t\t\t\t<div class=\"elementor-element elementor-element-fef85b6 elementor-widget elementor-widget-heading\" data-id=\"fef85b6\" data-element_type=\"widget\" data-widget_type=\"heading.default\">\n\t\t\t\t<div class=\"elementor-widget-container\">\n\t\t\t<h2 class=\"elementor-heading-title elementor-size-default\">Le Disini: hotel, restaurante y spa a las puertas de Montpellier<\/h2>\t\t<\/div>\n\t\t\t\t<\/div>\n\t\t\t\t<div class=\"elementor-element elementor-element-c9fb1fe elementor-widget elementor-widget-text-editor\" data-id=\"c9fb1fe\" data-element_type=\"widget\" data-widget_type=\"text-editor.default\">\n\t\t\t\t<div class=\"elementor-widget-container\">\n\t\t\t\t\t\t\t<p>Situado en <strong>Castries<\/strong>, <strong>cerca de Montpellier<\/strong>, el <strong>Disini <\/strong>es su destino en <strong>Occitania<\/strong>.<br>Rodeado de un parque de 1 hect\u00e1rea de encinas clasificadas, el <strong>Disini <\/strong>le ofrece un<strong> <\/strong><strong>lujoso y relajante entorno<\/strong> en el coraz\u00f3n de la<strong> <\/strong><strong>Tierras de Languedoc<\/strong>.<\/p><p>La refinada decoraci\u00f3n y el relajante silencio dan un encanto muy especial <strong>al hotel de lujo<\/strong> y al<strong> <\/strong><strong>restaurante gastron\u00f3mico<\/strong>. Es un<strong> <\/strong><strong>par\u00e9ntesis encantado, una verdadera invitaci\u00f3n a un viaje tranquilo<\/strong><strong> <\/strong>en las fronteras de Asia y \u00c1frica.<\/p><p>Cada <a href=\"https:\/\/www.disini-hotel.com\/hotel-luxe-montpellier\/\">\n  <span style=\"text-decoration: underline;\">habitaci\u00f3n de hotel<\/span>\n<\/a> es \u00fanica y le ofrece un espacio elegante y amplio con un confort moderno.<\/p>\t\t\t\t\t\t<\/div>\n\t\t\t\t<\/div>\n\t\t\t\t<div class=\"elementor-element elementor-element-df35433 elementor-widget elementor-widget-text-editor\" data-id=\"df35433\" data-element_type=\"widget\" data-widget_type=\"text-editor.default\">\n\t\t\t\t<div class=\"elementor-widget-container\">\n\t\t\t\t\t\t\t<p>Le <span style=\"text-decoration: underline;\">\n  <strong>\n    <a href=\"https:\/\/www.disini-hotel.com\/restaurant-gastronomique-montpellier\/\">restaurante gastron\u00f3mico<\/a>\n  <\/strong>\n<\/span> y <strong>su talentoso chef Julien JACQUETON,<\/strong> ofrecen una cocina <strong>refinada, <\/strong><strong>gourmet e intuitiva<\/strong>, con un men\u00fa refinado y sorprendente que sin duda har\u00e1 las delicias de los mejores gourmets.<\/p><p>Para su comodidad, dispone de servicios de calidad: <strong>spa, gimnasio, piscina, jacuzzi, aparcamiento gratuito de 1800m\u00b2, acceso Wifi gratuito, aire acondicionado, transporte en limusina y VTC<\/strong>&#8230;<\/p><p>Con prestigiosos <strong>sellos de calidad<\/strong> (<span style=\"text-decoration: underline;\">\n  <a href=\"http:\/\/www.entreprises.gouv.fr\/marques-nationales-tourisme\/presentation-la-marque-qualite-tourisme\" target=\"_blank\" rel=\"noopener\">Turismo de calidad<\/a>\n<\/span>, <a href=\"https:\/\/sud-de-france.com\/\" target=\"_blank\" rel=\"noopener\">\n  <span style=\"text-decoration: underline;\">Sur de Francia<\/span>\n<\/a>, <a href=\"https:\/\/www.theoriginalshotels.com\/\" target=\"_blank\" rel=\"noopener\">\n  <span style=\"text-decoration: underline;\">Los Originales Relais<\/span>\n<\/a> , <a href=\"https:\/\/charme-caractere.org\/a-propos-de-cc\/\" target=\"_blank\" rel=\"noopener\">\n  <span style=\"text-decoration: underline;\">Encanto y car\u00e1cter<\/span>\n<\/a>, <a href=\"https:\/\/www.atout-france.fr\/services\/le-label-vignobles-decouvertes\" target=\"_blank\" rel=\"noopener\">\n  <span style=\"text-decoration: underline;\">Vignobles et D\u00e9couvertes<\/span>\n<\/a>) y se beneficia de su proximidad a Montpellier, el Disini es un establecimiento de gran envergadura que combina <strong>confort y servicio de alta<\/strong> calidad.<\/p><p><em>\u00abSituada en una colina, Castries se beneficia de un magn\u00edfico entorno natural al norte, formado por vi\u00f1edos y matorrales hasta el<\/em><em> <\/em><strong><em>Cevennes<\/em><\/strong><em>. Al sur, la ciudad se asoma a la llanura agr\u00edcola,<\/em><em> <\/em><strong><em>el Etang de l&#8217;Or<\/em><\/strong><em> <\/em><em>y el azul de la orilla del Mediterr\u00e1neo. Castries sorprende y deleita con su excepcional arquitectura, un conjunto formado por el castillo, un admirable jard\u00edn franc\u00e9s y un monumental acueducto, obras maestras de hombres ilustres y visionarios.<\/em><\/p>\t\t\t\t\t\t<\/div>\n\t\t\t\t<\/div>\n\t\t\t\t<div class=\"elementor-element elementor-element-4fd7344 elementor-widget elementor-widget-spacer\" data-id=\"4fd7344\" data-element_type=\"widget\" data-widget_type=\"spacer.default\">\n\t\t\t\t<div class=\"elementor-widget-container\">\n\t\t\t\t\t<div class=\"elementor-spacer\">\n\t\t\t<div class=\"elementor-spacer-inner\"><\/div>\n\t\t<\/div>\n\t\t\t\t<\/div>\n\t\t\t\t<\/div>\n\t\t\t\t\t<\/div>\n\t\t<\/div>\n\t\t\t\t\t<\/div>\n\t\t<\/section>\n\t\t\t\t<section class=\"elementor-section elementor-top-section elementor-element elementor-element-642613b elementor-section-boxed elementor-section-height-default elementor-section-height-default\" data-id=\"642613b\" data-element_type=\"section\" data-settings=\"{&quot;background_background&quot;:&quot;classic&quot;,&quot;shape_divider_top&quot;:&quot;triangle-asymmetrical&quot;,&quot;shape_divider_bottom&quot;:&quot;triangle-asymmetrical&quot;}\">\n\t\t\t\t\t<div class=\"elementor-shape elementor-shape-top\" data-negative=\"false\">\n\t\t\t<svg xmlns=\"http:\/\/www.w3.org\/2000\/svg\" viewBox=\"0 0 1000 100\" preserveAspectRatio=\"none\">\n\t<path class=\"elementor-shape-fill\" d=\"M738,99l262-93V0H0v5.6L738,99z\"\/>\n<\/svg>\t\t<\/div>\n\t\t\t\t<div class=\"elementor-shape elementor-shape-bottom\" data-negative=\"false\">\n\t\t\t<svg xmlns=\"http:\/\/www.w3.org\/2000\/svg\" viewBox=\"0 0 1000 100\" preserveAspectRatio=\"none\">\n\t<path class=\"elementor-shape-fill\" d=\"M738,99l262-93V0H0v5.6L738,99z\"\/>\n<\/svg>\t\t<\/div>\n\t\t\t\t\t<div class=\"elementor-container elementor-column-gap-default\">\n\t\t\t\t\t<div class=\"elementor-column elementor-col-50 elementor-top-column elementor-element elementor-element-4a5f091\" data-id=\"4a5f091\" data-element_type=\"column\">\n\t\t\t<div class=\"elementor-widget-wrap elementor-element-populated\">\n\t\t\t\t\t\t<div class=\"elementor-element elementor-element-9bcb9d4 elementor-widget elementor-widget-video\" data-id=\"9bcb9d4\" data-element_type=\"widget\" data-settings=\"{&quot;youtube_url&quot;:&quot;https:\\\/\\\/www.youtube.com\\\/watch?v=EIAovr1AJUo&quot;,&quot;video_type&quot;:&quot;youtube&quot;}\" data-widget_type=\"video.default\">\n\t\t\t\t<div class=\"elementor-widget-container\">\n\t\t\t\t\t<div class=\"elementor-wrapper elementor-open-inline\">\n\t\t\t<div class=\"elementor-video\"><\/div>\t\t<\/div>\n\t\t\t\t<\/div>\n\t\t\t\t<\/div>\n\t\t\t\t\t<\/div>\n\t\t<\/div>\n\t\t\t\t<div class=\"elementor-column elementor-col-50 elementor-top-column elementor-element elementor-element-ff4ba0e\" data-id=\"ff4ba0e\" data-element_type=\"column\">\n\t\t\t<div class=\"elementor-widget-wrap elementor-element-populated\">\n\t\t\t\t\t\t<div class=\"elementor-element elementor-element-e46287f elementor-widget elementor-widget-video\" data-id=\"e46287f\" data-element_type=\"widget\" data-settings=\"{&quot;youtube_url&quot;:&quot;https:\\\/\\\/www.youtube.com\\\/watch?v=0WqVSIs_hqw&amp;feature=emb_imp_woyt&quot;,&quot;video_type&quot;:&quot;youtube&quot;}\" data-widget_type=\"video.default\">\n\t\t\t\t<div class=\"elementor-widget-container\">\n\t\t\t\t\t<div class=\"elementor-wrapper elementor-open-inline\">\n\t\t\t<div class=\"elementor-video\"><\/div>\t\t<\/div>\n\t\t\t\t<\/div>\n\t\t\t\t<\/div>\n\t\t\t\t\t<\/div>\n\t\t<\/div>\n\t\t\t\t\t<\/div>\n\t\t<\/section>\n\t\t\t\t<section class=\"elementor-section elementor-top-section elementor-element elementor-element-441b1dd elementor-section-boxed elementor-section-height-default elementor-section-height-default\" data-id=\"441b1dd\" data-element_type=\"section\">\n\t\t\t\t\t\t<div class=\"elementor-container elementor-column-gap-default\">\n\t\t\t\t\t<div class=\"elementor-column elementor-col-100 elementor-top-column elementor-element elementor-element-9ed2a74\" data-id=\"9ed2a74\" data-element_type=\"column\">\n\t\t\t<div class=\"elementor-widget-wrap elementor-element-populated\">\n\t\t\t\t\t\t<div class=\"elementor-element elementor-element-2d81413 elementor-widget elementor-widget-spacer\" data-id=\"2d81413\" data-element_type=\"widget\" data-widget_type=\"spacer.default\">\n\t\t\t\t<div class=\"elementor-widget-container\">\n\t\t\t\t\t<div class=\"elementor-spacer\">\n\t\t\t<div class=\"elementor-spacer-inner\"><\/div>\n\t\t<\/div>\n\t\t\t\t<\/div>\n\t\t\t\t<\/div>\n\t\t\t\t\t<\/div>\n\t\t<\/div>\n\t\t\t\t\t<\/div>\n\t\t<\/section>\n\t\t\t\t<\/div>\n\t\t","protected":false},"excerpt":{"rendered":"<p>Pr\u00e9c\u00e9dent Suivant Le Disini: hotel, restaurante y spa a las puertas de Montpellier Situado en Castries, cerca de Montpellier, el Disini es su destino en Occitania.Rodeado de un parque de 1 hect\u00e1rea de encinas clasificadas, el Disini le ofrece un lujoso y relajante entorno en el coraz\u00f3n de la Tierras de Languedoc. La refinada decoraci\u00f3n [&hellip;]<\/p>\n","protected":false},"author":1,"featured_media":0,"parent":0,"menu_order":0,"comment_status":"closed","ping_status":"closed","template":"elementor_header_footer","meta":[],"yoast_head":"<!-- This site is optimized with the Yoast SEO plugin v20.9 - https:\/\/yoast.com\/wordpress\/plugins\/seo\/ -->\n<title>Disini, hotel y restaurante de lujo en Montpellier<\/title>\n<meta name=\"description\" content=\"Situado a las puertas de Montpellier, el Disini es su destino privilegiado en Languedoc-Rosell\u00f3n con su hotel de lujo y su restaurante gastron\u00f3mico\" \/>\n<meta name=\"robots\" content=\"index, follow, max-snippet:-1, max-image-preview:large, max-video-preview:-1\" \/>\n<link rel=\"canonical\" href=\"https:\/\/www.disini-hotel.com\/es\/bienvenido-a-disini\/\" \/>\n<meta property=\"og:locale\" content=\"es_ES\" \/>\n<meta property=\"og:type\" content=\"article\" \/>\n<meta property=\"og:title\" content=\"Disini, hotel y restaurante de lujo en Montpellier\" \/>\n<meta property=\"og:description\" content=\"Situado a las puertas de Montpellier, el Disini es su destino privilegiado en Languedoc-Rosell\u00f3n con su hotel de lujo y su restaurante gastron\u00f3mico\" \/>\n<meta property=\"og:url\" content=\"https:\/\/www.disini-hotel.com\/es\/bienvenido-a-disini\/\" \/>\n<meta property=\"og:site_name\" content=\"H\u00f4tel Disini\" \/>\n<meta property=\"article:publisher\" content=\"https:\/\/www.facebook.com\/disiniluxuryhotelmontpellier\" \/>\n<meta property=\"article:modified_time\" content=\"2022-07-22T14:47:19+00:00\" \/>\n<meta property=\"og:image\" content=\"https:\/\/www.disini-hotel.com\/wp-content\/uploads\/2022\/04\/Hotel-Disini-Hall-dentree-450x450.jpg\" \/>\n<meta name=\"twitter:card\" content=\"summary_large_image\" \/>\n<meta name=\"twitter:site\" content=\"@DISINILUXURY\" \/>\n<meta name=\"twitter:label1\" content=\"Tiempo de lectura\" \/>\n\t<meta name=\"twitter:data1\" content=\"2 minutos\" \/>\n<script type=\"application\/ld+json\" class=\"yoast-schema-graph\">{\"@context\":\"https:\/\/schema.org\",\"@graph\":[{\"@type\":\"WebPage\",\"@id\":\"https:\/\/www.disini-hotel.com\/es\/bienvenido-a-disini\/\",\"url\":\"https:\/\/www.disini-hotel.com\/es\/bienvenido-a-disini\/\",\"name\":\"Disini, hotel y restaurante de lujo en Montpellier\",\"isPartOf\":{\"@id\":\"https:\/\/www.disini-hotel.com\/es\/#website\"},\"datePublished\":\"2015-06-10T12:31:36+00:00\",\"dateModified\":\"2022-07-22T14:47:19+00:00\",\"description\":\"Situado a las puertas de Montpellier, el Disini es su destino privilegiado en Languedoc-Rosell\u00f3n con su hotel de lujo y su restaurante gastron\u00f3mico\",\"breadcrumb\":{\"@id\":\"https:\/\/www.disini-hotel.com\/es\/bienvenido-a-disini\/#breadcrumb\"},\"inLanguage\":\"es\",\"potentialAction\":[{\"@type\":\"ReadAction\",\"target\":[\"https:\/\/www.disini-hotel.com\/es\/bienvenido-a-disini\/\"]}]},{\"@type\":\"BreadcrumbList\",\"@id\":\"https:\/\/www.disini-hotel.com\/es\/bienvenido-a-disini\/#breadcrumb\",\"itemListElement\":[{\"@type\":\"ListItem\",\"position\":1,\"name\":\"Accueil\",\"item\":\"https:\/\/www.disini-hotel.com\/es\/inicio\/\"},{\"@type\":\"ListItem\",\"position\":2,\"name\":\"Bienvenido a Disini\"}]},{\"@type\":\"WebSite\",\"@id\":\"https:\/\/www.disini-hotel.com\/es\/#website\",\"url\":\"https:\/\/www.disini-hotel.com\/es\/\",\"name\":\"H\u00f4tel Disini\",\"description\":\"H\u00f4tel de luxe et Restaurant gastronomique\",\"potentialAction\":[{\"@type\":\"SearchAction\",\"target\":{\"@type\":\"EntryPoint\",\"urlTemplate\":\"https:\/\/www.disini-hotel.com\/es\/?s={search_term_string}\"},\"query-input\":\"required name=search_term_string\"}],\"inLanguage\":\"es\"}]}<\/script>\n<!-- \/ Yoast SEO plugin. -->","yoast_head_json":{"title":"Disini, hotel y restaurante de lujo en Montpellier","description":"Situado a las puertas de Montpellier, el Disini es su destino privilegiado en Languedoc-Rosell\u00f3n con su hotel de lujo y su restaurante gastron\u00f3mico","robots":{"index":"index","follow":"follow","max-snippet":"max-snippet:-1","max-image-preview":"max-image-preview:large","max-video-preview":"max-video-preview:-1"},"canonical":"https:\/\/www.disini-hotel.com\/es\/bienvenido-a-disini\/","og_locale":"es_ES","og_type":"article","og_title":"Disini, hotel y restaurante de lujo en Montpellier","og_description":"Situado a las puertas de Montpellier, el Disini es su destino privilegiado en Languedoc-Rosell\u00f3n con su hotel de lujo y su restaurante gastron\u00f3mico","og_url":"https:\/\/www.disini-hotel.com\/es\/bienvenido-a-disini\/","og_site_name":"H\u00f4tel Disini","article_publisher":"https:\/\/www.facebook.com\/disiniluxuryhotelmontpellier","article_modified_time":"2022-07-22T14:47:19+00:00","og_image":[{"url":"https:\/\/www.disini-hotel.com\/wp-content\/uploads\/2022\/04\/Hotel-Disini-Hall-dentree-450x450.jpg"}],"twitter_card":"summary_large_image","twitter_site":"@DISINILUXURY","twitter_misc":{"Tiempo de lectura":"2 minutos"},"schema":{"@context":"https:\/\/schema.org","@graph":[{"@type":"WebPage","@id":"https:\/\/www.disini-hotel.com\/es\/bienvenido-a-disini\/","url":"https:\/\/www.disini-hotel.com\/es\/bienvenido-a-disini\/","name":"Disini, hotel y restaurante de lujo en Montpellier","isPartOf":{"@id":"https:\/\/www.disini-hotel.com\/es\/#website"},"datePublished":"2015-06-10T12:31:36+00:00","dateModified":"2022-07-22T14:47:19+00:00","description":"Situado a las puertas de Montpellier, el Disini es su destino privilegiado en Languedoc-Rosell\u00f3n con su hotel de lujo y su restaurante gastron\u00f3mico","breadcrumb":{"@id":"https:\/\/www.disini-hotel.com\/es\/bienvenido-a-disini\/#breadcrumb"},"inLanguage":"es","potentialAction":[{"@type":"ReadAction","target":["https:\/\/www.disini-hotel.com\/es\/bienvenido-a-disini\/"]}]},{"@type":"BreadcrumbList","@id":"https:\/\/www.disini-hotel.com\/es\/bienvenido-a-disini\/#breadcrumb","itemListElement":[{"@type":"ListItem","position":1,"name":"Accueil","item":"https:\/\/www.disini-hotel.com\/es\/inicio\/"},{"@type":"ListItem","position":2,"name":"Bienvenido a Disini"}]},{"@type":"WebSite","@id":"https:\/\/www.disini-hotel.com\/es\/#website","url":"https:\/\/www.disini-hotel.com\/es\/","name":"H\u00f4tel Disini","description":"H\u00f4tel de luxe et Restaurant gastronomique","potentialAction":[{"@type":"SearchAction","target":{"@type":"EntryPoint","urlTemplate":"https:\/\/www.disini-hotel.com\/es\/?s={search_term_string}"},"query-input":"required name=search_term_string"}],"inLanguage":"es"}]}},"_links":{"self":[{"href":"https:\/\/www.disini-hotel.com\/es\/wp-json\/wp\/v2\/pages\/7213"}],"collection":[{"href":"https:\/\/www.disini-hotel.com\/es\/wp-json\/wp\/v2\/pages"}],"about":[{"href":"https:\/\/www.disini-hotel.com\/es\/wp-json\/wp\/v2\/types\/page"}],"author":[{"embeddable":true,"href":"https:\/\/www.disini-hotel.com\/es\/wp-json\/wp\/v2\/users\/1"}],"replies":[{"embeddable":true,"href":"https:\/\/www.disini-hotel.com\/es\/wp-json\/wp\/v2\/comments?post=7213"}],"version-history":[{"count":1,"href":"https:\/\/www.disini-hotel.com\/es\/wp-json\/wp\/v2\/pages\/7213\/revisions"}],"predecessor-version":[{"id":7214,"href":"https:\/\/www.disini-hotel.com\/es\/wp-json\/wp\/v2\/pages\/7213\/revisions\/7214"}],"wp:attachment":[{"href":"https:\/\/www.disini-hotel.com\/es\/wp-json\/wp\/v2\/media?parent=7213"}],"curies":[{"name":"wp","href":"https:\/\/api.w.org\/{rel}","templated":true}]}}