{"id":6606,"date":"2021-01-08T16:29:18","date_gmt":"2021-01-08T15:29:18","guid":{"rendered":"https:\/\/www.disini-hotel.com\/descubre-el-entorno-mas-cercano-del-hotel-disini\/"},"modified":"2022-07-22T15:19:52","modified_gmt":"2022-07-22T14:19:52","slug":"descubre-el-entorno-mas-cercano-del-hotel-disini","status":"publish","type":"page","link":"https:\/\/www.disini-hotel.com\/es\/descubre-el-entorno-mas-cercano-del-hotel-disini\/","title":{"rendered":"Descubre el entorno m\u00e1s cercano del hotel disini"},"content":{"rendered":"\t\t<div data-elementor-type=\"wp-page\" data-elementor-id=\"6606\" class=\"elementor elementor-6606 elementor-2478\" data-elementor-post-type=\"page\">\n\t\t\t\t\t\t<section class=\"elementor-section elementor-top-section elementor-element elementor-element-f3f0234 elementor-section-boxed elementor-section-height-default elementor-section-height-default\" data-id=\"f3f0234\" data-element_type=\"section\">\n\t\t\t\t\t\t<div class=\"elementor-container elementor-column-gap-default\">\n\t\t\t\t\t<div class=\"elementor-column elementor-col-100 elementor-top-column elementor-element elementor-element-34843a8\" data-id=\"34843a8\" data-element_type=\"column\">\n\t\t\t<div class=\"elementor-widget-wrap elementor-element-populated\">\n\t\t\t\t\t\t<div class=\"elementor-element elementor-element-5d7d518 elementor-widget elementor-widget-heading\" data-id=\"5d7d518\" data-element_type=\"widget\" data-widget_type=\"heading.default\">\n\t\t\t\t<div class=\"elementor-widget-container\">\n\t\t\t<h2 class=\"elementor-heading-title elementor-size-default\">Descubre y explora las atracciones y lugares tur\u00edsticos alrededor del hotel disini<\/h2>\t\t<\/div>\n\t\t\t\t<\/div>\n\t\t\t\t<div class=\"elementor-element elementor-element-7b52cf2 elementor-widget elementor-widget-spacer\" data-id=\"7b52cf2\" data-element_type=\"widget\" data-widget_type=\"spacer.default\">\n\t\t\t\t<div class=\"elementor-widget-container\">\n\t\t\t\t\t<div class=\"elementor-spacer\">\n\t\t\t<div class=\"elementor-spacer-inner\"><\/div>\n\t\t<\/div>\n\t\t\t\t<\/div>\n\t\t\t\t<\/div>\n\t\t\t\t<div class=\"elementor-element elementor-element-f846b73 elementor-widget elementor-widget-html\" data-id=\"f846b73\" data-element_type=\"widget\" data-widget_type=\"html.default\">\n\t\t\t\t<div class=\"elementor-widget-container\">\n\t\t\t<iframe src=\"https:\/\/wim.cirkwi.com\/map\/fr\/guides\/1098-autour-de-lhotel-disini?only-project-category=true&amp;project-id=5fe22076bfbc96547432bb52&amp;story-guide=1098&amp;story-item=0&amp;bounds=43.489296;3.622055;43.820161;4.320374&amp;story=true&amp;list-view=true&amp;add-marker=43.68433444436332;3.9915708899498004&amp;marker-title=Disini&amp;filter=objects&amp;sidebar-view=false&amp;navbar-hidden=true&amp;story-loop-number=infinite&amp;lang=fr_FR\" width=\"100%\" height=\"500px\" frameborder=\"0\"><\/iframe>\t\t<\/div>\n\t\t\t\t<\/div>\n\t\t\t\t\t<\/div>\n\t\t<\/div>\n\t\t\t\t\t<\/div>\n\t\t<\/section>\n\t\t\t\t<section class=\"elementor-section elementor-top-section elementor-element elementor-element-e7a4264 elementor-section-boxed elementor-section-height-default elementor-section-height-default\" data-id=\"e7a4264\" data-element_type=\"section\">\n\t\t\t\t\t\t<div class=\"elementor-container elementor-column-gap-default\">\n\t\t\t\t\t<div class=\"elementor-column elementor-col-100 elementor-top-column elementor-element elementor-element-d06913f\" data-id=\"d06913f\" data-element_type=\"column\">\n\t\t\t<div class=\"elementor-widget-wrap elementor-element-populated\">\n\t\t\t\t\t\t<div class=\"elementor-element elementor-element-c475d2a elementor-widget elementor-widget-spacer\" data-id=\"c475d2a\" data-element_type=\"widget\" data-widget_type=\"spacer.default\">\n\t\t\t\t<div class=\"elementor-widget-container\">\n\t\t\t\t\t<div class=\"elementor-spacer\">\n\t\t\t<div class=\"elementor-spacer-inner\"><\/div>\n\t\t<\/div>\n\t\t\t\t<\/div>\n\t\t\t\t<\/div>\n\t\t\t\t\t<\/div>\n\t\t<\/div>\n\t\t\t\t\t<\/div>\n\t\t<\/section>\n\t\t\t\t<\/div>\n\t\t","protected":false},"excerpt":{"rendered":"<p>Descubre y explora las atracciones y lugares tur\u00edsticos alrededor del hotel disini<\/p>\n","protected":false},"author":1,"featured_media":0,"parent":0,"menu_order":0,"comment_status":"closed","ping_status":"closed","template":"elementor_header_footer","meta":[],"yoast_head":"<!-- This site is optimized with the Yoast SEO plugin v20.9 - https:\/\/yoast.com\/wordpress\/plugins\/seo\/ -->\n<title>Descubre el entorno m\u00e1s cercano del hotel disini - H\u00f4tel Disini<\/title>\n<meta name=\"robots\" content=\"index, follow, max-snippet:-1, max-image-preview:large, max-video-preview:-1\" \/>\n<link rel=\"canonical\" href=\"https:\/\/www.disini-hotel.com\/es\/descubre-el-entorno-mas-cercano-del-hotel-disini\/\" \/>\n<meta property=\"og:locale\" content=\"es_ES\" \/>\n<meta property=\"og:type\" content=\"article\" \/>\n<meta property=\"og:title\" content=\"Descubre el entorno m\u00e1s cercano del hotel disini - H\u00f4tel Disini\" \/>\n<meta property=\"og:description\" content=\"Descubre y explora las atracciones y lugares tur\u00edsticos alrededor del hotel disini\" \/>\n<meta property=\"og:url\" content=\"https:\/\/www.disini-hotel.com\/es\/descubre-el-entorno-mas-cercano-del-hotel-disini\/\" \/>\n<meta property=\"og:site_name\" content=\"H\u00f4tel Disini\" \/>\n<meta property=\"article:publisher\" content=\"https:\/\/www.facebook.com\/disiniluxuryhotelmontpellier\" \/>\n<meta property=\"article:modified_time\" content=\"2022-07-22T14:19:52+00:00\" \/>\n<meta property=\"og:image\" content=\"https:\/\/disini.sia-dev.fr\/wp-content\/uploads\/2015\/05\/Logo-PNG-DISINI1.png\" \/>\n<meta name=\"twitter:card\" content=\"summary_large_image\" \/>\n<meta name=\"twitter:site\" content=\"@DISINILUXURY\" \/>\n<script type=\"application\/ld+json\" class=\"yoast-schema-graph\">{\"@context\":\"https:\/\/schema.org\",\"@graph\":[{\"@type\":\"WebPage\",\"@id\":\"https:\/\/www.disini-hotel.com\/es\/descubre-el-entorno-mas-cercano-del-hotel-disini\/\",\"url\":\"https:\/\/www.disini-hotel.com\/es\/descubre-el-entorno-mas-cercano-del-hotel-disini\/\",\"name\":\"Descubre el entorno m\u00e1s cercano del hotel disini - H\u00f4tel Disini\",\"isPartOf\":{\"@id\":\"https:\/\/www.disini-hotel.com\/es\/#website\"},\"datePublished\":\"2021-01-08T15:29:18+00:00\",\"dateModified\":\"2022-07-22T14:19:52+00:00\",\"breadcrumb\":{\"@id\":\"https:\/\/www.disini-hotel.com\/es\/descubre-el-entorno-mas-cercano-del-hotel-disini\/#breadcrumb\"},\"inLanguage\":\"es\",\"potentialAction\":[{\"@type\":\"ReadAction\",\"target\":[\"https:\/\/www.disini-hotel.com\/es\/descubre-el-entorno-mas-cercano-del-hotel-disini\/\"]}]},{\"@type\":\"BreadcrumbList\",\"@id\":\"https:\/\/www.disini-hotel.com\/es\/descubre-el-entorno-mas-cercano-del-hotel-disini\/#breadcrumb\",\"itemListElement\":[{\"@type\":\"ListItem\",\"position\":1,\"name\":\"Accueil\",\"item\":\"https:\/\/www.disini-hotel.com\/es\/inicio\/\"},{\"@type\":\"ListItem\",\"position\":2,\"name\":\"Descubre el entorno m\u00e1s cercano del hotel disini\"}]},{\"@type\":\"WebSite\",\"@id\":\"https:\/\/www.disini-hotel.com\/es\/#website\",\"url\":\"https:\/\/www.disini-hotel.com\/es\/\",\"name\":\"H\u00f4tel Disini\",\"description\":\"H\u00f4tel de luxe et Restaurant gastronomique\",\"potentialAction\":[{\"@type\":\"SearchAction\",\"target\":{\"@type\":\"EntryPoint\",\"urlTemplate\":\"https:\/\/www.disini-hotel.com\/es\/?s={search_term_string}\"},\"query-input\":\"required name=search_term_string\"}],\"inLanguage\":\"es\"}]}<\/script>\n<!-- \/ Yoast SEO plugin. -->","yoast_head_json":{"title":"Descubre el entorno m\u00e1s cercano del hotel disini - H\u00f4tel Disini","robots":{"index":"index","follow":"follow","max-snippet":"max-snippet:-1","max-image-preview":"max-image-preview:large","max-video-preview":"max-video-preview:-1"},"canonical":"https:\/\/www.disini-hotel.com\/es\/descubre-el-entorno-mas-cercano-del-hotel-disini\/","og_locale":"es_ES","og_type":"article","og_title":"Descubre el entorno m\u00e1s cercano del hotel disini - H\u00f4tel Disini","og_description":"Descubre y explora las atracciones y lugares tur\u00edsticos alrededor del hotel disini","og_url":"https:\/\/www.disini-hotel.com\/es\/descubre-el-entorno-mas-cercano-del-hotel-disini\/","og_site_name":"H\u00f4tel Disini","article_publisher":"https:\/\/www.facebook.com\/disiniluxuryhotelmontpellier","article_modified_time":"2022-07-22T14:19:52+00:00","og_image":[{"url":"https:\/\/disini.sia-dev.fr\/wp-content\/uploads\/2015\/05\/Logo-PNG-DISINI1.png"}],"twitter_card":"summary_large_image","twitter_site":"@DISINILUXURY","schema":{"@context":"https:\/\/schema.org","@graph":[{"@type":"WebPage","@id":"https:\/\/www.disini-hotel.com\/es\/descubre-el-entorno-mas-cercano-del-hotel-disini\/","url":"https:\/\/www.disini-hotel.com\/es\/descubre-el-entorno-mas-cercano-del-hotel-disini\/","name":"Descubre el entorno m\u00e1s cercano del hotel disini - H\u00f4tel Disini","isPartOf":{"@id":"https:\/\/www.disini-hotel.com\/es\/#website"},"datePublished":"2021-01-08T15:29:18+00:00","dateModified":"2022-07-22T14:19:52+00:00","breadcrumb":{"@id":"https:\/\/www.disini-hotel.com\/es\/descubre-el-entorno-mas-cercano-del-hotel-disini\/#breadcrumb"},"inLanguage":"es","potentialAction":[{"@type":"ReadAction","target":["https:\/\/www.disini-hotel.com\/es\/descubre-el-entorno-mas-cercano-del-hotel-disini\/"]}]},{"@type":"BreadcrumbList","@id":"https:\/\/www.disini-hotel.com\/es\/descubre-el-entorno-mas-cercano-del-hotel-disini\/#breadcrumb","itemListElement":[{"@type":"ListItem","position":1,"name":"Accueil","item":"https:\/\/www.disini-hotel.com\/es\/inicio\/"},{"@type":"ListItem","position":2,"name":"Descubre el entorno m\u00e1s cercano del hotel disini"}]},{"@type":"WebSite","@id":"https:\/\/www.disini-hotel.com\/es\/#website","url":"https:\/\/www.disini-hotel.com\/es\/","name":"H\u00f4tel Disini","description":"H\u00f4tel de luxe et Restaurant gastronomique","potentialAction":[{"@type":"SearchAction","target":{"@type":"EntryPoint","urlTemplate":"https:\/\/www.disini-hotel.com\/es\/?s={search_term_string}"},"query-input":"required name=search_term_string"}],"inLanguage":"es"}]}},"_links":{"self":[{"href":"https:\/\/www.disini-hotel.com\/es\/wp-json\/wp\/v2\/pages\/6606"}],"collection":[{"href":"https:\/\/www.disini-hotel.com\/es\/wp-json\/wp\/v2\/pages"}],"about":[{"href":"https:\/\/www.disini-hotel.com\/es\/wp-json\/wp\/v2\/types\/page"}],"author":[{"embeddable":true,"href":"https:\/\/www.disini-hotel.com\/es\/wp-json\/wp\/v2\/users\/1"}],"replies":[{"embeddable":true,"href":"https:\/\/www.disini-hotel.com\/es\/wp-json\/wp\/v2\/comments?post=6606"}],"version-history":[{"count":1,"href":"https:\/\/www.disini-hotel.com\/es\/wp-json\/wp\/v2\/pages\/6606\/revisions"}],"predecessor-version":[{"id":6607,"href":"https:\/\/www.disini-hotel.com\/es\/wp-json\/wp\/v2\/pages\/6606\/revisions\/6607"}],"wp:attachment":[{"href":"https:\/\/www.disini-hotel.com\/es\/wp-json\/wp\/v2\/media?parent=6606"}],"curies":[{"name":"wp","href":"https:\/\/api.w.org\/{rel}","templated":true}]}}